{"id":2878,"date":"2018-12-05T12:38:08","date_gmt":"2018-12-05T17:38:08","guid":{"rendered":"https:\/\/www.trakto.ca\/promotions\/"},"modified":"2020-01-15T15:11:46","modified_gmt":"2020-01-15T20:11:46","slug":"promotions","status":"publish","type":"page","link":"https:\/\/www.trakto.ca\/en\/promotions\/","title":{"rendered":"Promotions"},"content":{"rendered":"","protected":false},"excerpt":{"rendered":"<p> [&#8230;]<\/p>\n<p><a class=\"btn btn-secondary understrap-read-more-link\" href=\"https:\/\/www.trakto.ca\/en\/promotions\/\">Read More&#8230;<\/a><\/p>\n","protected":false},"author":16,"featured_media":0,"parent":0,"menu_order":0,"comment_status":"closed","ping_status":"closed","template":"page-templates\/template-promo.php","meta":{"_acf_changed":false,"footnotes":""},"class_list":["post-2878","page","type-page","status-publish","hentry"],"acf":[],"yoast_head":"<!-- This site is optimized with the Yoast SEO plugin v27.3 - https:\/\/yoast.com\/product\/yoast-seo-wordpress\/ -->\n<title>Machineries Trakto | Promotions sur nos \u00e9quipements<\/title>\n<meta name=\"description\" content=\"Informez-vous des diff\u00e9rentes promotions offertes par nos diff\u00e9rentes marques, telles que BobCat, Massey-Ferguson et Mecalac.\" \/>\n<meta name=\"robots\" content=\"index, follow, max-snippet:-1, max-image-preview:large, max-video-preview:-1\" \/>\n<link rel=\"canonical\" href=\"https:\/\/www.trakto.ca\/en\/promotions\/\" \/>\n<meta property=\"og:locale\" content=\"en_US\" \/>\n<meta property=\"og:type\" content=\"article\" \/>\n<meta property=\"og:title\" content=\"Machineries Trakto | Promotions sur nos \u00e9quipements\" \/>\n<meta property=\"og:description\" content=\"Informez-vous des diff\u00e9rentes promotions offertes par nos diff\u00e9rentes marques, telles que BobCat, Massey-Ferguson et Mecalac.\" \/>\n<meta property=\"og:url\" content=\"https:\/\/www.trakto.ca\/en\/promotions\/\" \/>\n<meta property=\"og:site_name\" content=\"Trakto Machineries\" \/>\n<meta property=\"article:modified_time\" content=\"2020-01-15T20:11:46+00:00\" \/>\n<meta name=\"twitter:card\" content=\"summary_large_image\" \/>\n<script type=\"application\/ld+json\" class=\"yoast-schema-graph\">{\"@context\":\"https:\\\/\\\/schema.org\",\"@graph\":[{\"@type\":\"WebPage\",\"@id\":\"https:\\\/\\\/www.trakto.ca\\\/en\\\/promotions\\\/\",\"url\":\"https:\\\/\\\/www.trakto.ca\\\/en\\\/promotions\\\/\",\"name\":\"Machineries Trakto | Promotions sur nos \u00e9quipements\",\"isPartOf\":{\"@id\":\"https:\\\/\\\/www.trakto.ca\\\/#website\"},\"datePublished\":\"2018-12-05T17:38:08+00:00\",\"dateModified\":\"2020-01-15T20:11:46+00:00\",\"description\":\"Informez-vous des diff\u00e9rentes promotions offertes par nos diff\u00e9rentes marques, telles que BobCat, Massey-Ferguson et Mecalac.\",\"breadcrumb\":{\"@id\":\"https:\\\/\\\/www.trakto.ca\\\/en\\\/promotions\\\/#breadcrumb\"},\"inLanguage\":\"en-US\",\"potentialAction\":[{\"@type\":\"ReadAction\",\"target\":[\"https:\\\/\\\/www.trakto.ca\\\/en\\\/promotions\\\/\"]}]},{\"@type\":\"BreadcrumbList\",\"@id\":\"https:\\\/\\\/www.trakto.ca\\\/en\\\/promotions\\\/#breadcrumb\",\"itemListElement\":[{\"@type\":\"ListItem\",\"position\":1,\"name\":\"Home\",\"item\":\"https:\\\/\\\/www.trakto.ca\\\/en\\\/\"},{\"@type\":\"ListItem\",\"position\":2,\"name\":\"Promotions\"}]},{\"@type\":\"WebSite\",\"@id\":\"https:\\\/\\\/www.trakto.ca\\\/#website\",\"url\":\"https:\\\/\\\/www.trakto.ca\\\/\",\"name\":\"Trakto Machineries\",\"description\":\"\",\"potentialAction\":[{\"@type\":\"SearchAction\",\"target\":{\"@type\":\"EntryPoint\",\"urlTemplate\":\"https:\\\/\\\/www.trakto.ca\\\/?s={search_term_string}\"},\"query-input\":{\"@type\":\"PropertyValueSpecification\",\"valueRequired\":true,\"valueName\":\"search_term_string\"}}],\"inLanguage\":\"en-US\"}]}<\/script>\n<!-- \/ Yoast SEO plugin. -->","yoast_head_json":{"title":"Machineries Trakto | Promotions sur nos \u00e9quipements","description":"Informez-vous des diff\u00e9rentes promotions offertes par nos diff\u00e9rentes marques, telles que BobCat, Massey-Ferguson et Mecalac.","robots":{"index":"index","follow":"follow","max-snippet":"max-snippet:-1","max-image-preview":"max-image-preview:large","max-video-preview":"max-video-preview:-1"},"canonical":"https:\/\/www.trakto.ca\/en\/promotions\/","og_locale":"en_US","og_type":"article","og_title":"Machineries Trakto | Promotions sur nos \u00e9quipements","og_description":"Informez-vous des diff\u00e9rentes promotions offertes par nos diff\u00e9rentes marques, telles que BobCat, Massey-Ferguson et Mecalac.","og_url":"https:\/\/www.trakto.ca\/en\/promotions\/","og_site_name":"Trakto Machineries","article_modified_time":"2020-01-15T20:11:46+00:00","twitter_card":"summary_large_image","schema":{"@context":"https:\/\/schema.org","@graph":[{"@type":"WebPage","@id":"https:\/\/www.trakto.ca\/en\/promotions\/","url":"https:\/\/www.trakto.ca\/en\/promotions\/","name":"Machineries Trakto | Promotions sur nos \u00e9quipements","isPartOf":{"@id":"https:\/\/www.trakto.ca\/#website"},"datePublished":"2018-12-05T17:38:08+00:00","dateModified":"2020-01-15T20:11:46+00:00","description":"Informez-vous des diff\u00e9rentes promotions offertes par nos diff\u00e9rentes marques, telles que BobCat, Massey-Ferguson et Mecalac.","breadcrumb":{"@id":"https:\/\/www.trakto.ca\/en\/promotions\/#breadcrumb"},"inLanguage":"en-US","potentialAction":[{"@type":"ReadAction","target":["https:\/\/www.trakto.ca\/en\/promotions\/"]}]},{"@type":"BreadcrumbList","@id":"https:\/\/www.trakto.ca\/en\/promotions\/#breadcrumb","itemListElement":[{"@type":"ListItem","position":1,"name":"Home","item":"https:\/\/www.trakto.ca\/en\/"},{"@type":"ListItem","position":2,"name":"Promotions"}]},{"@type":"WebSite","@id":"https:\/\/www.trakto.ca\/#website","url":"https:\/\/www.trakto.ca\/","name":"Trakto Machineries","description":"","potentialAction":[{"@type":"SearchAction","target":{"@type":"EntryPoint","urlTemplate":"https:\/\/www.trakto.ca\/?s={search_term_string}"},"query-input":{"@type":"PropertyValueSpecification","valueRequired":true,"valueName":"search_term_string"}}],"inLanguage":"en-US"}]}},"_links":{"self":[{"href":"https:\/\/www.trakto.ca\/en\/wp-json\/wp\/v2\/pages\/2878","targetHints":{"allow":["GET"]}}],"collection":[{"href":"https:\/\/www.trakto.ca\/en\/wp-json\/wp\/v2\/pages"}],"about":[{"href":"https:\/\/www.trakto.ca\/en\/wp-json\/wp\/v2\/types\/page"}],"author":[{"embeddable":true,"href":"https:\/\/www.trakto.ca\/en\/wp-json\/wp\/v2\/users\/16"}],"replies":[{"embeddable":true,"href":"https:\/\/www.trakto.ca\/en\/wp-json\/wp\/v2\/comments?post=2878"}],"version-history":[{"count":0,"href":"https:\/\/www.trakto.ca\/en\/wp-json\/wp\/v2\/pages\/2878\/revisions"}],"wp:attachment":[{"href":"https:\/\/www.trakto.ca\/en\/wp-json\/wp\/v2\/media?parent=2878"}],"curies":[{"name":"wp","href":"https:\/\/api.w.org\/{rel}","templated":true}]}}