{"id":1075,"date":"2018-10-28T23:22:35","date_gmt":"2018-10-29T03:22:35","guid":{"rendered":"https:\/\/www.trakto.ca\/?page_id=1075"},"modified":"2023-07-28T09:48:49","modified_gmt":"2023-07-28T13:48:49","slug":"videos","status":"publish","type":"page","link":"https:\/\/www.trakto.ca\/en\/videos\/","title":{"rendered":"Vid\u00e9os"},"content":{"rendered":"","protected":false},"excerpt":{"rendered":"<p> [&#8230;]<\/p>\n<p><a class=\"btn btn-secondary understrap-read-more-link\" href=\"https:\/\/www.trakto.ca\/en\/videos\/\">Read More&#8230;<\/a><\/p>\n","protected":false},"author":16,"featured_media":0,"parent":0,"menu_order":0,"comment_status":"closed","ping_status":"closed","template":"page-templates\/template-videos.php","meta":{"_acf_changed":false,"footnotes":""},"class_list":["post-1075","page","type-page","status-publish","hentry"],"acf":[],"yoast_head":"<!-- This site is optimized with the Yoast SEO plugin v27.3 - https:\/\/yoast.com\/product\/yoast-seo-wordpress\/ -->\n<title>Machineries Trakto | Vid\u00e9os de machineries commerciales<\/title>\n<meta name=\"description\" content=\"Consultez nos diff\u00e9rentes vid\u00e9os afin d&#039;en apprendre davantage sur les \u00e9quipements provenant des compagnies BobCat, Massey-Ferguson et Mecalac.\" \/>\n<meta name=\"robots\" content=\"index, follow, max-snippet:-1, max-image-preview:large, max-video-preview:-1\" \/>\n<link rel=\"canonical\" href=\"https:\/\/www.trakto.ca\/en\/videos\/\" \/>\n<meta property=\"og:locale\" content=\"en_US\" \/>\n<meta property=\"og:type\" content=\"article\" \/>\n<meta property=\"og:title\" content=\"Machineries Trakto | Vid\u00e9os de machineries commerciales\" \/>\n<meta property=\"og:description\" content=\"Consultez nos diff\u00e9rentes vid\u00e9os afin d&#039;en apprendre davantage sur les \u00e9quipements provenant des compagnies BobCat, Massey-Ferguson et Mecalac.\" \/>\n<meta property=\"og:url\" content=\"https:\/\/www.trakto.ca\/en\/videos\/\" \/>\n<meta property=\"og:site_name\" content=\"Trakto Machineries\" \/>\n<meta property=\"article:modified_time\" content=\"2023-07-28T13:48:49+00:00\" \/>\n<meta name=\"twitter:card\" content=\"summary_large_image\" \/>\n<script type=\"application\/ld+json\" class=\"yoast-schema-graph\">{\"@context\":\"https:\\\/\\\/schema.org\",\"@graph\":[{\"@type\":\"WebPage\",\"@id\":\"https:\\\/\\\/www.trakto.ca\\\/en\\\/videos\\\/\",\"url\":\"https:\\\/\\\/www.trakto.ca\\\/en\\\/videos\\\/\",\"name\":\"Machineries Trakto | Vid\u00e9os de machineries commerciales\",\"isPartOf\":{\"@id\":\"https:\\\/\\\/www.trakto.ca\\\/#website\"},\"datePublished\":\"2018-10-29T03:22:35+00:00\",\"dateModified\":\"2023-07-28T13:48:49+00:00\",\"description\":\"Consultez nos diff\u00e9rentes vid\u00e9os afin d'en apprendre davantage sur les \u00e9quipements provenant des compagnies BobCat, Massey-Ferguson et Mecalac.\",\"breadcrumb\":{\"@id\":\"https:\\\/\\\/www.trakto.ca\\\/en\\\/videos\\\/#breadcrumb\"},\"inLanguage\":\"en-US\",\"potentialAction\":[{\"@type\":\"ReadAction\",\"target\":[\"https:\\\/\\\/www.trakto.ca\\\/en\\\/videos\\\/\"]}]},{\"@type\":\"BreadcrumbList\",\"@id\":\"https:\\\/\\\/www.trakto.ca\\\/en\\\/videos\\\/#breadcrumb\",\"itemListElement\":[{\"@type\":\"ListItem\",\"position\":1,\"name\":\"Home\",\"item\":\"https:\\\/\\\/www.trakto.ca\\\/en\\\/\"},{\"@type\":\"ListItem\",\"position\":2,\"name\":\"Vid\u00e9os\"}]},{\"@type\":\"WebSite\",\"@id\":\"https:\\\/\\\/www.trakto.ca\\\/#website\",\"url\":\"https:\\\/\\\/www.trakto.ca\\\/\",\"name\":\"Trakto Machineries\",\"description\":\"\",\"potentialAction\":[{\"@type\":\"SearchAction\",\"target\":{\"@type\":\"EntryPoint\",\"urlTemplate\":\"https:\\\/\\\/www.trakto.ca\\\/?s={search_term_string}\"},\"query-input\":{\"@type\":\"PropertyValueSpecification\",\"valueRequired\":true,\"valueName\":\"search_term_string\"}}],\"inLanguage\":\"en-US\"}]}<\/script>\n<!-- \/ Yoast SEO plugin. -->","yoast_head_json":{"title":"Machineries Trakto | Vid\u00e9os de machineries commerciales","description":"Consultez nos diff\u00e9rentes vid\u00e9os afin d'en apprendre davantage sur les \u00e9quipements provenant des compagnies BobCat, Massey-Ferguson et Mecalac.","robots":{"index":"index","follow":"follow","max-snippet":"max-snippet:-1","max-image-preview":"max-image-preview:large","max-video-preview":"max-video-preview:-1"},"canonical":"https:\/\/www.trakto.ca\/en\/videos\/","og_locale":"en_US","og_type":"article","og_title":"Machineries Trakto | Vid\u00e9os de machineries commerciales","og_description":"Consultez nos diff\u00e9rentes vid\u00e9os afin d'en apprendre davantage sur les \u00e9quipements provenant des compagnies BobCat, Massey-Ferguson et Mecalac.","og_url":"https:\/\/www.trakto.ca\/en\/videos\/","og_site_name":"Trakto Machineries","article_modified_time":"2023-07-28T13:48:49+00:00","twitter_card":"summary_large_image","schema":{"@context":"https:\/\/schema.org","@graph":[{"@type":"WebPage","@id":"https:\/\/www.trakto.ca\/en\/videos\/","url":"https:\/\/www.trakto.ca\/en\/videos\/","name":"Machineries Trakto | Vid\u00e9os de machineries commerciales","isPartOf":{"@id":"https:\/\/www.trakto.ca\/#website"},"datePublished":"2018-10-29T03:22:35+00:00","dateModified":"2023-07-28T13:48:49+00:00","description":"Consultez nos diff\u00e9rentes vid\u00e9os afin d'en apprendre davantage sur les \u00e9quipements provenant des compagnies BobCat, Massey-Ferguson et Mecalac.","breadcrumb":{"@id":"https:\/\/www.trakto.ca\/en\/videos\/#breadcrumb"},"inLanguage":"en-US","potentialAction":[{"@type":"ReadAction","target":["https:\/\/www.trakto.ca\/en\/videos\/"]}]},{"@type":"BreadcrumbList","@id":"https:\/\/www.trakto.ca\/en\/videos\/#breadcrumb","itemListElement":[{"@type":"ListItem","position":1,"name":"Home","item":"https:\/\/www.trakto.ca\/en\/"},{"@type":"ListItem","position":2,"name":"Vid\u00e9os"}]},{"@type":"WebSite","@id":"https:\/\/www.trakto.ca\/#website","url":"https:\/\/www.trakto.ca\/","name":"Trakto Machineries","description":"","potentialAction":[{"@type":"SearchAction","target":{"@type":"EntryPoint","urlTemplate":"https:\/\/www.trakto.ca\/?s={search_term_string}"},"query-input":{"@type":"PropertyValueSpecification","valueRequired":true,"valueName":"search_term_string"}}],"inLanguage":"en-US"}]}},"_links":{"self":[{"href":"https:\/\/www.trakto.ca\/en\/wp-json\/wp\/v2\/pages\/1075","targetHints":{"allow":["GET"]}}],"collection":[{"href":"https:\/\/www.trakto.ca\/en\/wp-json\/wp\/v2\/pages"}],"about":[{"href":"https:\/\/www.trakto.ca\/en\/wp-json\/wp\/v2\/types\/page"}],"author":[{"embeddable":true,"href":"https:\/\/www.trakto.ca\/en\/wp-json\/wp\/v2\/users\/16"}],"replies":[{"embeddable":true,"href":"https:\/\/www.trakto.ca\/en\/wp-json\/wp\/v2\/comments?post=1075"}],"version-history":[{"count":0,"href":"https:\/\/www.trakto.ca\/en\/wp-json\/wp\/v2\/pages\/1075\/revisions"}],"wp:attachment":[{"href":"https:\/\/www.trakto.ca\/en\/wp-json\/wp\/v2\/media?parent=1075"}],"curies":[{"name":"wp","href":"https:\/\/api.w.org\/{rel}","templated":true}]}}